{"id":7900,"date":"2026-02-12T16:41:41","date_gmt":"2026-02-12T15:41:41","guid":{"rendered":"https:\/\/www.greenhemp.pl\/produkt\/liposomalna-witamina-c\/"},"modified":"2026-02-12T16:41:41","modified_gmt":"2026-02-12T15:41:41","slug":"liposomalna-witamina-c","status":"publish","type":"product","link":"https:\/\/www.greenhemp.pl\/de\/produkt\/liposomalna-witamina-c\/","title":{"rendered":"Liposomales Vitamin C"},"content":{"rendered":"<h3 data-start=\"3678\" data-end=\"3760\">Liposomales Vitamin C mit Flavonoiden aus Hanf &#8211; Nat\u00fcrlicher Schutz und Gleichgewicht<\/h3>\n<p data-start=\"3762\" data-end=\"4080\">Diese fortschrittliche Zusammensetzung kombiniert liposomales Vitamin C, Hanfflavonoide und Phosphatidylcholin, um ein System mit hoher Stabilit\u00e4t und guter Bioverf\u00fcgbarkeit zu schaffen. Jeder Tropfen ist eine Kombination aus technologischem Know-how, pflanzlichen Rohstoffen und bewusstem Design, entwickelt f\u00fcr Menschen, die Qualit\u00e4t und Konsistenz erwarten. <\/p>\n<h4 data-start=\"4087\" data-end=\"4149\">  Biologische Schicht &#8211; Vitamin C in liposomaler Form<\/h4>\n<p data-start=\"4151\" data-end=\"4255\">Vitamin C (L-Ascorbins\u00e4ure) ist eines der bekanntesten Antioxidantien. In liposomaler Form: <\/p>\n<ul data-start=\"4257\" data-end=\"4538\">\n<li data-start=\"4257\" data-end=\"4312\">\n<p data-start=\"4259\" data-end=\"4312\">unterst\u00fctzt den Schutz der Zellen vor oxidativem Stress;<\/p>\n<\/li>\n<li data-start=\"4313\" data-end=\"4364\">\n<p data-start=\"4315\" data-end=\"4364\">hilft, das Gef\u00fchl von M\u00fcdigkeit und Ersch\u00f6pfung zu verringern;<\/p>\n<\/li>\n<li data-start=\"4365\" data-end=\"4438\">\n<p data-start=\"4367\" data-end=\"4438\">tr\u00e4gt zum reibungslosen Funktionieren des Immunsystems bei;<\/p>\n<\/li>\n<li data-start=\"4439\" data-end=\"4538\">\n<p data-start=\"4441\" data-end=\"4538\">unterst\u00fctzt die Kollagenproduktion, die mit dem reibungslosen Funktionieren der Blutgef\u00e4\u00dfe verbunden ist;<\/p>\n<\/li>\n<\/ul>\n<p data-start=\"4540\" data-end=\"4669\">Dies macht das Produkt zu einem Teil einer <strong data-start=\"4574\" data-end=\"4611\">t\u00e4glichen, ruhigen<\/strong>, auf Technologie basierenden <strong data-start=\"4574\" data-end=\"4611\">Nahrungserg\u00e4nzung<\/strong> und nicht zu einer kurzfristigen Intervention.<\/p>\n<h4 data-start=\"4676\" data-end=\"4722\">  Pflanzliche Schicht &#8211; Flavonoide aus Hanf<\/h4>\n<p data-start=\"4724\" data-end=\"4987\">Flavonoide aus Hanf<em data-start=\"4745\" data-end=\"4765\">(Cannabis sativa L.<\/em>) wirken in Synergie mit Vitamin C, stabilisieren und verl\u00e4ngern die Wirkdauer der Inhaltsstoffe des Produkts. Sie unterst\u00fctzen die Konsistenz der Formel, indem sie die Aufrechterhaltung eines stabilen und wirksamen Zustands f\u00fcr die Dauer der Anwendung beg\u00fcnstigen. <\/p>\n<p data-start=\"4989\" data-end=\"5150\">Diese Kombination verst\u00e4rkt die qualitativen Eigenschaften der Formel und ihre Best\u00e4ndigkeit bei der t\u00e4glichen Anwendung, ohne dass auf pl\u00f6tzliche Interventionseffekte zur\u00fcckgegriffen werden muss.<\/p>\n<h4 data-start=\"5157\" data-end=\"5202\">  Subtile Ebene &#8211; Ruhe und Ausgeglichenheit<\/h4>\n<p data-start=\"5204\" data-end=\"5506\">Die Formel ist <strong data-start=\"5225\" data-end=\"5251\">sanft und ausgewogen<\/strong>. Bei t\u00e4glicher Anwendung kann sie Gef\u00fchle der Stabilit\u00e4t und ein ruhigeres Funktionieren f\u00f6rdern, insbesondere in Situationen mit erh\u00f6htem Stress. Es ist kein Behandlungsversprechen, sondern eher ein Angebot zur Unterst\u00fctzung, das den Anwender \u00fcber einen l\u00e4ngeren Zeitraum begleitet.  <\/p>\n<h3 data-start=\"5513\" data-end=\"5550\">Warum liposomale Technologie?<\/h3>\n<p data-start=\"5552\" data-end=\"5692\">Liposomen werden aus Phosphatidylcholin gebildet &#8211; einer Komponente, die der Natur der Zellmembranen \u00e4hnelt. Dies erm\u00f6glicht: <\/p>\n<ul data-start=\"5694\" data-end=\"5942\">\n<li data-start=\"5694\" data-end=\"5742\">\n<p data-start=\"5696\" data-end=\"5742\">die Erhaltung der Stabilit\u00e4t der Wirkstoffe;<\/p>\n<\/li>\n<li data-start=\"5743\" data-end=\"5814\">\n<p data-start=\"5745\" data-end=\"5814\">besserer Schutz vor Umwelteinfl\u00fcssen w\u00e4hrend der Anwendung;<\/p>\n<\/li>\n<li data-start=\"5815\" data-end=\"5875\">\n<p data-start=\"5817\" data-end=\"5875\">was ihre allm\u00e4hliche Verwertung durch den K\u00f6rper beg\u00fcnstigt;<\/p>\n<\/li>\n<li data-start=\"5876\" data-end=\"5942\">\n<p data-start=\"5878\" data-end=\"5942\">Bequemer, t\u00e4glicher Gebrauch ohne starken Interventionseffekt.<\/p>\n<\/li>\n<\/ul>\n<p data-start=\"5944\" data-end=\"6067\">Aus diesem Grund ist die Formel eine starke technologische Antwort auf den Bedarf an t\u00e4glicher Vitamin C- und Flavonoid-Erg\u00e4nzung.<\/p>\n<h3 data-start=\"6074\" data-end=\"6087\">Zutaten<\/h3>\n<p data-start=\"6089\" data-end=\"6249\">Wasser, Phosphatidylcholin (aus Sonnenblumenlecithin), Vitamin C (L-Ascorbins\u00e4ure), Flavonoide aus Hanf<em data-start=\"6197\" data-end=\"6217\">(Cannabis sativa L.<\/em>), Konservierungsmittel: Kaliumsorbat.<\/p>\n<h3 data-start=\"6256\" data-end=\"6273\">Gebrauchsanweisung<\/h3>\n<ul data-start=\"6275\" data-end=\"6663\">\n<li data-start=\"6275\" data-end=\"6359\">\n<p data-start=\"6277\" data-end=\"6359\"><strong data-start=\"6277\" data-end=\"6305\">Empfohlene Tagesdosis:<\/strong> 8 Z\u00fcge, 3 Mal am Tag, insgesamt 24 Z\u00fcge.<\/p>\n<\/li>\n<li data-start=\"6360\" data-end=\"6444\">\n<p data-start=\"6362\" data-end=\"6444\">Tragen Sie es direkt unter der Zunge oder nach Verd\u00fcnnung in einer kleinen Menge Wasser auf.<\/p>\n<\/li>\n<li data-start=\"6445\" data-end=\"6587\">\n<p data-start=\"6447\" data-end=\"6473\"><strong data-start=\"6447\" data-end=\"6471\">Informationen zur Portion:<\/strong><\/p>\n<ul data-start=\"6476\" data-end=\"6587\">\n<li data-start=\"6476\" data-end=\"6501\">\n<p data-start=\"6478\" data-end=\"6501\">1 Pint \u2248 0,2 ml<\/p>\n<\/li>\n<li data-start=\"6504\" data-end=\"6527\">\n<p data-start=\"6506\" data-end=\"6527\">8 Z\u00fcge = 1,6 ml<\/p>\n<\/li>\n<li data-start=\"6530\" data-end=\"6587\">\n<p data-start=\"6532\" data-end=\"6587\">1 Portion (8 Puffs) liefert <strong data-start=\"6564\" data-end=\"6585\">160 mg Vitamin C<\/strong><\/p>\n<\/li>\n<\/ul>\n<\/li>\n<li data-start=\"6588\" data-end=\"6663\">\n<p data-start=\"6590\" data-end=\"6663\"><strong data-start=\"6590\" data-end=\"6620\">Maximale Tagesdosis:<\/strong> 25 Z\u00fcge = 5 ml = <strong data-start=\"6642\" data-end=\"6663\">500 mg Vitamin C<\/strong><\/p>\n<\/li>\n<\/ul>\n<p data-start=\"6665\" data-end=\"6881\">Dank der liposomalen Technologie ist das Vitamin C in dieser Formel <strong data-start=\"6726\" data-end=\"6760\">im K\u00f6rper besser verf\u00fcgbar<\/strong> als in vielen klassischen oralen Formen; es geht um die <strong data-start=\"6813\" data-end=\"6856\">vorteilhaftere Nutzung der Inhaltsstoffe<\/strong> bei der t\u00e4glichen Einnahme.<\/p>\n<h3 data-start=\"6888\" data-end=\"6910\">Lokale Anwendung<\/h3>\n<p data-start=\"6912\" data-end=\"7099\">Das Produkt kann auch topisch angewendet werden, z.B. auf der Haut. Vermeiden Sie immer den Kontakt mit den Augen und wenden Sie das Produkt gem\u00e4\u00df den Anweisungen an. Dies ist eine zus\u00e4tzliche Option und nicht die Hauptanwendung.  <\/p>\n<h3 data-start=\"7106\" data-end=\"7132\">Lagerungsbedingungen<\/h3>\n<p data-start=\"7134\" data-end=\"7302\">Vor und nach dem \u00d6ffnen im K\u00fchlschrank (bis zu 10\u00b0C) aufbewahren.<br data-start=\"7201\" data-end=\"7204\">Vor Licht und W\u00e4rmequellen sch\u00fctzen.<br data-start=\"7245\" data-end=\"7248\">Au\u00dferhalb der Reichweite von kleinen Kindern aufbewahren.<\/p>\n<h3 data-start=\"7309\" data-end=\"7324\">Warnungen<\/h3>\n<ul data-start=\"7326\" data-end=\"7569\">\n<li data-start=\"7326\" data-end=\"7375\">\n<p data-start=\"7328\" data-end=\"7375\">\u00dcberschreiten Sie nicht die empfohlene Verzehrsmenge.<\/p>\n<\/li>\n<li data-start=\"7376\" data-end=\"7454\">\n<p data-start=\"7378\" data-end=\"7454\">Das Nahrungserg\u00e4nzungsmittel darf nicht als Ersatz f\u00fcr eine abwechslungsreiche Ern\u00e4hrung verwendet werden.<\/p>\n<\/li>\n<li data-start=\"7455\" data-end=\"7530\">\n<p data-start=\"7457\" data-end=\"7530\">Schwangere und stillende Frauen sollten ihren Arzt konsultieren.<\/p>\n<\/li>\n<li data-start=\"7531\" data-end=\"7569\">\n<p data-start=\"7533\" data-end=\"7569\">Nicht direkt in die Augen bringen.<\/p>\n<\/li>\n<\/ul>\n<h3 data-start=\"7576\" data-end=\"7602\">Gesundheitliche Anspr\u00fcche<\/h3>\n<ul data-start=\"7604\" data-end=\"7816\">\n<li data-start=\"7604\" data-end=\"7678\">\n<p data-start=\"7606\" data-end=\"7678\">Vitamin C hilft dem Immunsystem, richtig zu funktionieren.<\/p>\n<\/li>\n<li data-start=\"7679\" data-end=\"7755\">\n<p data-start=\"7681\" data-end=\"7755\">Vitamin C tr\u00e4gt zum Schutz der Zellen vor oxidativem Stress bei.<\/p>\n<\/li>\n<li data-start=\"7756\" data-end=\"7816\">\n<p data-start=\"7758\" data-end=\"7816\">Vitamin C hilft, das Gef\u00fchl von M\u00fcdigkeit und Erm\u00fcdung zu verringern.<\/p>\n<\/li>\n<\/ul>\n<p>&nbsp;<\/p>\n<p>Siehe  &gt;&gt; <a href=\"https:\/\/liposomalherb.com\/wp-content\/uploads\/2025\/12\/877571_25_GDY_Liposomalna-Witamina-C-FlawonoidyLiposomalny-ekstrakt-rosl_PL.pdf\" target=\"_blank\" rel=\"noopener\">TESTBERICHT<\/a><\/p>\n<h2 data-start=\"2626\" data-end=\"2676\"><span style=\"font-size: 14pt;\">Zus\u00e4tzliche Informationen  <\/span><\/h2>\n<p data-start=\"2678\" data-end=\"2987\">Wenn Sie besser verstehen m\u00f6chten, <strong data-start=\"2709\" data-end=\"2751\">warum die Form von Vitamin C wichtig ist<\/strong>, wie sich die Bioverf\u00fcgbarkeit von der Menge unterscheidet und welche Rolle die pflanzliche Matrix und die Flavonoide spielen, <strong data-start=\"2851\" data-end=\"2891\">lesen Sie den lehrreichen Artikel weiter:<\/strong><br data-start=\"2891\" data-end=\"2894\"><strong><a href=\"https:\/\/liposomalherb.com\/wiedza-liposomalna\/witamina-c-zwiazek-forma-i-biodostepnosc\/\" target=\"_blank\" rel=\"noopener\">Vitamin C &#8211; Zusammensetzung, Form und Bioverf\u00fcgbarkeit. Was Sie wirklich wissen m\u00fcssen <\/a><\/strong><\/p>\n<p>&nbsp;<\/p>\n<p>&nbsp;<\/p>\n<p>&nbsp;<\/p>\n<p>&nbsp;<\/p>\n","protected":false},"excerpt":{"rendered":"<p><strong data-start=\"7947\" data-end=\"7997\">Liposomales Vitamin C mit Flavonoiden aus Hanf<\/strong> &#8211; eine \u00e4u\u00dferst stabile und hoch bioverf\u00fcgbare Formel f\u00fcr die t\u00e4gliche Einnahme. Unterst\u00fctzt den Schutz der Zellen vor oxidativem Stress, tr\u00e4gt zur Verringerung von M\u00fcdigkeitsgef\u00fchlen bei und unterst\u00fctzt das reibungslose Funktionieren des Immunsystems. <\/p>\n","protected":false},"featured_media":7331,"comment_status":"closed","ping_status":"closed","template":"","meta":[],"product_cat":[453],"product_tag":[],"class_list":{"0":"post-7900","1":"product","2":"type-product","3":"status-publish","4":"has-post-thumbnail","6":"product_cat-liposomale-extrakte","8":"first","9":"instock","10":"featured","11":"shipping-taxable","12":"purchasable","13":"product-type-simple"},"_links":{"self":[{"href":"https:\/\/www.greenhemp.pl\/de\/wp-json\/wp\/v2\/product\/7900","targetHints":{"allow":["GET"]}}],"collection":[{"href":"https:\/\/www.greenhemp.pl\/de\/wp-json\/wp\/v2\/product"}],"about":[{"href":"https:\/\/www.greenhemp.pl\/de\/wp-json\/wp\/v2\/types\/product"}],"replies":[{"embeddable":true,"href":"https:\/\/www.greenhemp.pl\/de\/wp-json\/wp\/v2\/comments?post=7900"}],"wp:featuredmedia":[{"embeddable":true,"href":"https:\/\/www.greenhemp.pl\/de\/wp-json\/wp\/v2\/media\/7331"}],"wp:attachment":[{"href":"https:\/\/www.greenhemp.pl\/de\/wp-json\/wp\/v2\/media?parent=7900"}],"wp:term":[{"taxonomy":"product_cat","embeddable":true,"href":"https:\/\/www.greenhemp.pl\/de\/wp-json\/wp\/v2\/product_cat?post=7900"},{"taxonomy":"product_tag","embeddable":true,"href":"https:\/\/www.greenhemp.pl\/de\/wp-json\/wp\/v2\/product_tag?post=7900"}],"curies":[{"name":"wp","href":"https:\/\/api.w.org\/{rel}","templated":true}]}}