{"id":7897,"date":"2022-12-15T14:51:39","date_gmt":"2022-12-15T13:51:39","guid":{"rendered":"https:\/\/www.greenhemp.pl\/produkt\/susz-konopny-20g\/"},"modified":"2022-12-15T14:51:39","modified_gmt":"2022-12-15T13:51:39","slug":"susz-konopny-20g","status":"publish","type":"product","link":"https:\/\/www.greenhemp.pl\/de\/produkt\/susz-konopny-20g\/","title":{"rendered":"Getrockneter Hanf 20g"},"content":{"rendered":"<h2>Hanfsamen &#8211; was ist das?<\/h2>\n<p>Getrocknetes CBD, das aus reifen weiblichen Hanfpflanzen gewonnen wird, enth\u00e4lt sehr hohe Mengen an Flavonoiden, Terpenen und Cannabidiol. Entgegen der landl\u00e4ufigen Meinung hat dieses Produkt nichts mit Marihuana zu tun. Nach geltendem polnischen Recht enth\u00e4lt legaler getrockneter Hanf nur Spuren von THC (Tetrahydrocannabinol), das in Konzentrationen von bis zu 0,3% vorhanden ist.  <\/p>\n<p>Getrockneter Hanf wird legal aus Pflanzen hergestellt, deren Anbau sowohl in Polen als auch in Europa legal ist. Hanf wird h\u00e4ufig als Tierfutter, aber auch als Material f\u00fcr \u00d6le, Farben, Kleidung, Biokraftstoffe und Lebensmittel verwendet. Cannabis hingegen wird aus Hanfsamen hergestellt, deren Anbau nach polnischem Recht eine Straftat darstellt.  <\/p>\n<p>&nbsp;<\/p>\n<h2>Hanfsamen &#8211; Eigenschaften<\/h2>\n<p>Die Verdampfung von getrocknetem CBD-Hanf w\u00e4re nicht m\u00f6glich, wenn es nicht den Samenhanf g\u00e4be, der mit gro\u00dfer Sorgfalt angebaut wird. Es handelt sich um hohe und sehr ausladende Str\u00e4ucher mit einem Stamm, der bis zu 3 Meter lang wird. Ein charakteristisches Merkmal ist, dass sie einj\u00e4hrig sind und sitzende Bl\u00fcten haben. Je nach Sorte k\u00f6nnen sie in einh\u00e4usig und zweih\u00e4usig unterteilt werden.   <\/p>\n<p>Wie wirkt CBD Dryness? Entgegen dem Anschein verursacht es kein Gef\u00fchl des Rausches, das sogenannte High. Als CB1-Rezeptor-Antagonist beschleunigt Cannabidiol den Ausn\u00fcchterungsprozess und hilft, die Symptome des Drogenmissbrauchs schnell loszuwerden. Getrocknetes CBD hat eine antipsychotische und entspannende Wirkung. Es regt den K\u00f6rper an, die Cannabinoid-Ressourcen zu nutzen und reduziert so den erlebten Stresspegel. Au\u00dferdem hat CBD bei regelm\u00e4\u00dfigem Konsum auch antioxidative Eigenschaften. Die Verdampfung ist wirksam bei der Linderung von Kopf- und Muskelschmerzen und bek\u00e4mpft effektiv Schlaflosigkeit.       <\/p>\n<p>&nbsp;<\/p>\n<h3>CBD Hanfsamen &#8211; h\u00e4ufig gestellte Fragen<\/h3>\n<h4>Was ist getrockneter CBD-Hanf?<\/h4>\n<p>Ganz einfach ausgedr\u00fcckt, ist es nichts anderes als die getrockneten Bl\u00e4tter und Bl\u00fcten der Hanfpflanze. Die getrocknete Pflanze enth\u00e4lt den Wirkstoff, der f\u00fcr die Eigenschaften der Pflanze verantwortlich ist. Der THC-Gehalt liegt innerhalb der vom polnischen Gesetz festgelegten Grenzen.  <\/p>\n<h4>Wobei hilft getrockneter CBD-Hanf?<\/h4>\n<p>Es unterst\u00fctzt traditionelle und medizinische Therapien f\u00fcr mehr als ein Dutzend verschiedener Beschwerden. Es lindert chronische Schmerzen, hilft bei der Stressbew\u00e4ltigung, Epilepsie, Schlaflosigkeit, hat aber auch eine positive Wirkung auf die Symptome von Multipler Sklerose. <\/p>\n<h4>Was ist besser, \u00d6l oder getrockneter CBD-Hanf?<\/h4>\n<p>Sowohl das \u00d6l als auch der getrocknete Hanf sind wirksam und seine Garantie ist der aktive Inhaltsstoff CBD.<\/p>\n<h4>Wof\u00fcr wird CBD-Hanf getrocknet?<\/h4>\n<p>CBD-basierte Produkte werden zur Verbesserung des allgemeinen Wohlbefindens und zur Linderung der Symptome vieler Krankheiten eingesetzt.<\/p>\n<h4>CBD Hanfsamen &#8211; funktioniert das?<\/h4>\n<p>Es ist noch nicht lange bekannt, dass die Wirkung von CBD in seinen antidepressiven, beruhigenden und angstl\u00f6senden Eigenschaften nachgewiesen ist. Es verbessert die Qualit\u00e4t des Schlafes und reduziert Spannungen <\/p>\n<h4>Ist getrockneter Hanf CBD f\u00fcr 18 Jahre und \u00e4lter?<\/h4>\n<p>Der Kauf dieser Art von Produkt ist f\u00fcr jede Altersgruppe m\u00f6glich. Wir m\u00fcssen jedoch bedenken, dass es nicht empfohlen wird, es Kindern unter 8 Jahren zu geben. <\/p>\n<h4>Ist getrockneter CBD-Hanf legal?<\/h4>\n<p>Produkte mit CBD sind in Polen legal. Sie werden aus Saathanf hergestellt, dessen THC-Gehalt 0,3% nicht \u00fcbersteigt. <\/p>\n<h4>Macht getrockneter Hanf CBD s\u00fcchtig?<\/h4>\n<p>Hanfprodukte k\u00f6nnen ohne die geringsten Bedenken konsumiert werden &#8211; CBD macht, anders als THC, nicht s\u00fcchtig.<\/p>\n<h4>Wo kann man gutes getrocknetes CBD aus Hanf kaufen?<\/h4>\n<p>Wenn Ihnen Qualit\u00e4t und Sicherheit am wichtigsten sind, sollten Sie von den Automaten absehen und sich lieber f\u00fcr bew\u00e4hrte Fachgesch\u00e4fte entscheiden.<\/p>\n<h4>Wo kann man am g\u00fcnstigsten getrocknetes CBD aus Hanf kaufen?<\/h4>\n<p>Die niedrigsten Preise erhalten Sie nat\u00fcrlich in Online-Shops.<\/p>\n<h4>Wie wird CBD-Hanf getrocknet verwendet?<\/h4>\n<p>Die sicherste Form ist die Verdampfung, bei der die Wirkstoffe durch Erhitzen des getrockneten Produkts in die Lunge gelangen. Der K\u00f6rper ist den Substanzen im Rauch nicht ausgesetzt. <\/p>\n<h4>Welcher Hanf CBD trocken f\u00fcr den Schlaf?<\/h4>\n<p>Jedes getrocknete Hanfprodukt wird die Qualit\u00e4t des Schlafes effektiv beeinflussen. Es ist jedoch wichtig, auf die hohe Produktqualit\u00e4t und die richtige Anwendung zu achten. <\/p>\n<h4>Welcher Hanf CBD trocken f\u00fcr Neurosen?<\/h4>\n<p>In diesem Fall spielt das keine Rolle. Das Wichtigste ist, dass das Produkt sicher und von guter Qualit\u00e4t ist. <\/p>\n<h4>Wie verdampft man getrockneten CBD-Hanf?<\/h4>\n<p>Wenn Sie mit dem Verdampfen beginnen, empfehlen wir eine Temperatur von 155 bis 175 Grad, obwohl 180 optimal ist. Unter 150 ist es schwierig, eine qualitativ hochwertige Wolke zu erhalten. <\/p>\n<h4>Wie dosieren Sie getrocknetes CBD aus Hanf?<\/h4>\n<p>Die Einnahme sollte mit kleineren Dosen begonnen werden und erst im Laufe der Zeit erh\u00f6ht werden, um eine zufriedenstellende Wirkung zu erzielen. CBD kann nicht \u00fcberdosiert werden und ist eine sichere Substanz. <\/p>\n<h4>CBD getrocknet &#8211; wie viel Prozent Cannabidiol enth\u00e4lt es?<\/h4>\n<p>Die Konzentration von CBD in unseren Produkten betr\u00e4gt mindestens 1,5%.<\/p>\n","protected":false},"excerpt":{"rendered":"<p>Getrockneter Hanf (nur Bl\u00fcten), von Hand geerntet, getrocknet mit nat\u00fcrlichen Methoden aus polnischem Anbau ohne GVO oder Pestizide. Von Hand zu einer 2-4mm gro\u00dfen Fraktion gepresst. Im Labor getestet. Enth\u00e4lt ein Minimum von 1,5% CBD und weniger als 0,2% THC. Enth\u00e4lt keine Samen oder St\u00e4ngel.    <\/p>\n<p>&nbsp;<\/p>\n","protected":false},"featured_media":5856,"comment_status":"closed","ping_status":"closed","template":"","meta":[],"product_cat":[344],"product_tag":[588,522,585,584,521,586,587],"class_list":{"0":"post-7897","1":"product","2":"type-product","3":"status-publish","4":"has-post-thumbnail","6":"product_cat-getrocknetes-cbd","7":"product_tag-cbd-hanf-de","8":"product_tag-faserhanf","9":"product_tag-getrockneter-hanf","10":"product_tag-getrocknetes-cbd","11":"product_tag-gruner-hanf","12":"product_tag-hanfbluten","13":"product_tag-naturlich-getrocknet","15":"first","16":"instock","17":"shipping-taxable","18":"purchasable","19":"product-type-simple"},"_links":{"self":[{"href":"https:\/\/www.greenhemp.pl\/de\/wp-json\/wp\/v2\/product\/7897","targetHints":{"allow":["GET"]}}],"collection":[{"href":"https:\/\/www.greenhemp.pl\/de\/wp-json\/wp\/v2\/product"}],"about":[{"href":"https:\/\/www.greenhemp.pl\/de\/wp-json\/wp\/v2\/types\/product"}],"replies":[{"embeddable":true,"href":"https:\/\/www.greenhemp.pl\/de\/wp-json\/wp\/v2\/comments?post=7897"}],"wp:featuredmedia":[{"embeddable":true,"href":"https:\/\/www.greenhemp.pl\/de\/wp-json\/wp\/v2\/media\/5856"}],"wp:attachment":[{"href":"https:\/\/www.greenhemp.pl\/de\/wp-json\/wp\/v2\/media?parent=7897"}],"wp:term":[{"taxonomy":"product_cat","embeddable":true,"href":"https:\/\/www.greenhemp.pl\/de\/wp-json\/wp\/v2\/product_cat?post=7897"},{"taxonomy":"product_tag","embeddable":true,"href":"https:\/\/www.greenhemp.pl\/de\/wp-json\/wp\/v2\/product_tag?post=7897"}],"curies":[{"name":"wp","href":"https:\/\/api.w.org\/{rel}","templated":true}]}}