{"id":7893,"date":"2022-09-22T12:15:08","date_gmt":"2022-09-22T10:15:08","guid":{"rendered":"https:\/\/www.greenhemp.pl\/produkt\/liposomalne-cbd-300-mg-30-ml\/"},"modified":"2026-05-11T11:54:27","modified_gmt":"2026-05-11T09:54:27","slug":"liposomalne-cbd-300-mg-30-ml","status":"publish","type":"product","link":"https:\/\/www.greenhemp.pl\/de\/produkt\/liposomalne-cbd-300-mg-30-ml\/","title":{"rendered":"Liposomales CBD 300mg 30 ml"},"content":{"rendered":"<h3 data-start=\"547\" data-end=\"582\">Liposomaler Hanf-Extrakt 300 mg<\/h3>\n<p data-start=\"583\" data-end=\"648\"><strong data-start=\"583\" data-end=\"648\">Aromatischer Vollspektrum-Extrakt in liposomaler Technologie<\/strong><\/p>\n<p data-start=\"650\" data-end=\"786\">Liposomaler Hanfextrakt 300 mg ist ein Vollspektrum-Hanfextrakt, der auf Basis der Lipidtr\u00e4gertechnologie (Liposomen) entwickelt wurde.<\/p>\n<p data-start=\"788\" data-end=\"1012\">Die Formulierung wurde entwickelt, um einen Pflanzenextrakt mit einer Phospholipid-Tr\u00e4gerstruktur zu kombinieren, wodurch ein System mit einer sehr kleinen Partikelgr\u00f6\u00dfe (etwa 100 nm) entsteht. Solche Strukturen werden als Lipid-Nanoemulsionen bezeichnet. <\/p>\n<p data-start=\"1014\" data-end=\"1087\">Das Produkt ist f\u00fcr aromatische und technologische Anwendungen bestimmt.<\/p>\n<h3 data-start=\"1094\" data-end=\"1121\">Liposomale Technologie<\/h3>\n<p data-start=\"1123\" data-end=\"1391\">Liposomen sind mikroskopische Strukturen aus Phospholipiden &#8211; nat\u00fcrliche Bestandteile von Zellmembranen. In technologischen Systemen werden sie als Tr\u00e4ger f\u00fcr pflanzliche Substanzen verwendet, um die Stabilit\u00e4t des Systems zu erh\u00f6hen und die Komponenten in einer w\u00e4ssrigen Umgebung zu sch\u00fctzen. <\/p>\n<p data-start=\"1393\" data-end=\"1487\">Labortests, die von einer externen Pr\u00fcfstelle durchgef\u00fchrt wurden, haben dies best\u00e4tigt:<\/p>\n<ul data-start=\"1488\" data-end=\"1613\">\n<li data-start=\"1488\" data-end=\"1541\">\n<p data-start=\"1490\" data-end=\"1541\">durchschnittliche Partikelgr\u00f6\u00dfe im Nanobereich (&lt;200 nm),<\/p>\n<\/li>\n<li data-start=\"1542\" data-end=\"1576\">\n<p data-start=\"1544\" data-end=\"1576\">Gleichm\u00e4\u00dfigkeit der Gr\u00f6\u00dfenverteilung,<\/p>\n<\/li>\n<li data-start=\"1577\" data-end=\"1613\">\n<p data-start=\"1579\" data-end=\"1613\">die physiko-chemische Stabilit\u00e4t des Systems.<\/p>\n<\/li>\n<\/ul>\n<h3 data-start=\"1620\" data-end=\"1641\">Qualit\u00e4t und Kontrolle<\/h3>\n<p data-start=\"1643\" data-end=\"1759\">Der Extrakt wird aus Faserhanf gewonnen, der ohne GVO und ohne den Einsatz synthetischer Pestizide angebaut wird.<\/p>\n<p data-start=\"1761\" data-end=\"1834\">Jede Charge des Produkts wird einer Laboranalyse unterzogen:<\/p>\n<ul data-start=\"1835\" data-end=\"1917\">\n<li data-start=\"1835\" data-end=\"1859\">\n<p data-start=\"1837\" data-end=\"1859\">Cannabinoid-Profil,<\/p>\n<\/li>\n<li data-start=\"1860\" data-end=\"1880\">\n<p data-start=\"1862\" data-end=\"1880\">Reinheitstests,<\/p>\n<\/li>\n<li data-start=\"1881\" data-end=\"1917\">\n<p data-start=\"1883\" data-end=\"1917\">Analyse auf das Vorhandensein von Schwermetallen.<\/p>\n<\/li>\n<\/ul>\n<h3 data-start=\"1924\" data-end=\"1938\">Informationen<\/h3>\n<p data-start=\"1940\" data-end=\"2073\">Das Produkt ist weder ein Nahrungserg\u00e4nzungsmittel noch ein Arzneimittel.<br data-start=\"2000\" data-end=\"2003\">Nur f\u00fcr aromatische und technologische Anwendungen bestimmt.<\/p>\n<p>Volles Spektrum 300mg<br \/>\nTHC&lt;0.3%<\/p>\n<p>Im K\u00fchlschrank aufbewahren 4-8C<\/p>\n<p>Die f\u00fcr die Zubereitung verwendete Technologie wurde an der Kazimierz Pulaski Universit\u00e4t f\u00fcr Technologie und Geisteswissenschaften in Radom einer Laboranalyse unterzogen. <\/p>\n<p>Untersuchungen der Partikelgr\u00f6\u00dfe mittels dynamischer Lichtstreuung (DLS) zeigten, dass die verwendete liposomale Nanoemulsion eine durchschnittliche Blasengr\u00f6\u00dfe von etwa 70-72 nm hatte.<\/p>\n<p>Eine solch geringe Partikelgr\u00f6\u00dfe klassifiziert das System als Lipid-Nanoemulsion und ist einer der wichtigen technologischen Parameter bei Tr\u00e4gersystemen f\u00fcr Pflanzenstoffe.<\/p>\n<p>Eine ausf\u00fchrliche Beschreibung der Forschung und der Ergebnisse der Analyse finden Sie in dem Artikel:<\/p>\n<p>\u2192 <a href=\"https:\/\/liposomalherb.com\/wiedza-liposomalna\/ziolowe-preparaty-liposomalne\/\" target=\"_blank\" rel=\"noopener\">Siehe Laboranalyse der liposomalen Nanoemulsion<\/a><\/p>\n<p>Wenn Sie mehr dar\u00fcber erfahren m\u00f6chten, wie die liposomale Technologie in Hanfextrakten funktioniert, lesen Sie auch diesen Artikel:<\/p>\n<p>\u2192 <a href=\"https:\/\/liposomalherb.com\/wiedza-liposomalna\/cbd-liposomalne\/\" target=\"_blank\" rel=\"noopener\">Liposomales CBD &#8211; wie es sich von klassischen Extrakten unterscheidet<\/a><\/p>\n<p>&nbsp;<\/p>\n<h2 data-start=\"2080\" data-end=\"2105\"><\/h2>\n","protected":false},"excerpt":{"rendered":"<p><strong data-start=\"308\" data-end=\"389\">Liposomales CBD 300 mg &#8211; Vollspektrum-Extrakt in Nanoemulsionstechnologie.<\/strong><br data-start=\"389\" data-end=\"392\">Formuliert auf der Basis einer Phospholipidstruktur, die entwickelt wurde, um ein stabiles und homogenes Partikelsystem im Nanobereich zu erreichen.<\/p>\n<p>Vollspektrum 300mg<br \/>\nTHC&lt;0.3%<\/p>\n<p>Im K\u00fchlschrank lagern 4-8C<\/p>\n","protected":false},"featured_media":5680,"comment_status":"open","ping_status":"closed","template":"","meta":[],"product_cat":[453],"product_tag":[570,569,522,521,566,568,567],"class_list":{"0":"post-7893","1":"product","2":"type-product","3":"status-publish","4":"has-post-thumbnail","6":"product_cat-liposomale-extrakte","7":"product_tag-bioverfugbarkeit","8":"product_tag-cbd-300-mg-de","9":"product_tag-faserhanf","10":"product_tag-gruner-hanf","11":"product_tag-liposomaler-extrakt","12":"product_tag-liposomales-cbd-de","13":"product_tag-liposomales-cbd","15":"first","16":"instock","17":"featured","18":"shipping-taxable","19":"purchasable","20":"product-type-simple"},"_links":{"self":[{"href":"https:\/\/www.greenhemp.pl\/de\/wp-json\/wp\/v2\/product\/7893","targetHints":{"allow":["GET"]}}],"collection":[{"href":"https:\/\/www.greenhemp.pl\/de\/wp-json\/wp\/v2\/product"}],"about":[{"href":"https:\/\/www.greenhemp.pl\/de\/wp-json\/wp\/v2\/types\/product"}],"replies":[{"embeddable":true,"href":"https:\/\/www.greenhemp.pl\/de\/wp-json\/wp\/v2\/comments?post=7893"}],"wp:featuredmedia":[{"embeddable":true,"href":"https:\/\/www.greenhemp.pl\/de\/wp-json\/wp\/v2\/media\/5680"}],"wp:attachment":[{"href":"https:\/\/www.greenhemp.pl\/de\/wp-json\/wp\/v2\/media?parent=7893"}],"wp:term":[{"taxonomy":"product_cat","embeddable":true,"href":"https:\/\/www.greenhemp.pl\/de\/wp-json\/wp\/v2\/product_cat?post=7893"},{"taxonomy":"product_tag","embeddable":true,"href":"https:\/\/www.greenhemp.pl\/de\/wp-json\/wp\/v2\/product_tag?post=7893"}],"curies":[{"name":"wp","href":"https:\/\/api.w.org\/{rel}","templated":true}]}}