{"id":7860,"date":"2026-02-12T16:41:59","date_gmt":"2026-02-12T15:41:59","guid":{"rendered":"https:\/\/www.greenhemp.pl\/produkt\/liposomal-neuro-herb-10-ml-30-ml\/"},"modified":"2026-02-12T16:41:59","modified_gmt":"2026-02-12T15:41:59","slug":"liposomal-neuro-herb-10-ml-30-ml","status":"publish","type":"product","link":"https:\/\/www.greenhemp.pl\/de\/produkt\/liposomal-neuro-herb-10-ml-30-ml\/","title":{"rendered":"Liposomales Neurokr\u00e4uter 10 ml \/ 30 ml"},"content":{"rendered":"<h2 data-start=\"179\" data-end=\"198\"><strong data-start=\"182\" data-end=\"196\">NEURO HERB<\/strong><\/h2>\n<h3 data-start=\"199\" data-end=\"278\">Liposomaler Pflanzenextrakt zur t\u00e4glichen Unterst\u00fctzung der kognitiven Funktion<\/h3>\n<p data-start=\"279\" data-end=\"296\"><strong data-start=\"279\" data-end=\"296\">10 ml \/ 30 ml<\/strong><\/p>\n<p data-start=\"298\" data-end=\"614\"><strong data-start=\"298\" data-end=\"322\">Liposomal Neuro Herb<\/strong> ist eine liposomale Kr\u00e4uterformel, die f\u00fcr die t\u00e4gliche Unterst\u00fctzung des K\u00f6rpers unter Bedingungen erh\u00f6hter mentaler Belastung entwickelt wurde. Die Formel kombiniert sorgf\u00e4ltig ausgew\u00e4hlte Pflanzenextrakte mit der liposomalen Technologie, um die Stabilit\u00e4t der Inhaltsstoffe und ihre Bioverf\u00fcgbarkeit zu erh\u00f6hen. <\/p>\n<p data-start=\"616\" data-end=\"769\">Die Formel ist f\u00fcr Menschen gedacht, die sich in einem Umfeld intensiver Stimulation, anhaltender geistiger Arbeit und Informations\u00fcberlastung bewegen.<\/p>\n<h2 data-start=\"776\" data-end=\"807\"><strong data-start=\"779\" data-end=\"807\">Eigenschaften des Produkts<\/strong><\/h2>\n<p data-start=\"809\" data-end=\"966\">Neuro Herb ist ein unterst\u00fctzendes Nahrungserg\u00e4nzungsmittel zur Aufrechterhaltung der normalen Funktion des Nervensystems und der kognitiven Prozesse.<\/p>\n<h3 data-start=\"968\" data-end=\"1011\"><strong data-start=\"972\" data-end=\"1009\">Unterst\u00fctzung der Funktion des Nervensystems<\/strong><\/h3>\n<p data-start=\"1012\" data-end=\"1153\">Die in der Formel enthaltenen Pflanzenextrakte unterst\u00fctzen die nat\u00fcrlichen Funktionen des K\u00f6rpers im Zusammenhang mit der Anpassung an psychische und umweltbedingte Belastungen.<\/p>\n<h3 data-start=\"1155\" data-end=\"1203\"><strong data-start=\"1159\" data-end=\"1201\">Konzentration und geistiges Wohlbefinden<\/strong><\/h3>\n<p data-start=\"1204\" data-end=\"1353\">Die Formel wurde f\u00fcr Menschen entwickelt, die ihre F\u00e4higkeit, sich zu konzentrieren und Informationen zu verarbeiten, ohne die Wirkung einer \u00dcberstimulation unterst\u00fctzen m\u00f6chten.<\/p>\n<h3 data-start=\"1355\" data-end=\"1397\"><strong data-start=\"1359\" data-end=\"1395\">Funktionelles Gleichgewicht des K\u00f6rpers<\/strong><\/h3>\n<p data-start=\"1398\" data-end=\"1529\">Neuro Herb unterst\u00fctzt den K\u00f6rper dabei, in Zeiten von Stress, geistiger M\u00fcdigkeit und intensiver geistiger Aktivit\u00e4t das Gleichgewicht zu halten.<\/p>\n<h3 data-start=\"1531\" data-end=\"1575\"><strong data-start=\"1535\" data-end=\"1573\">Schutz gegen oxidativen Stress<\/strong><\/h3>\n<p data-start=\"1576\" data-end=\"1723\">Die Inhaltsstoffe der Formulierung weisen antioxidative Eigenschaften auf und unterst\u00fctzen den Schutz der Zellen vor oxidativem Stress und Umwelteinfl\u00fcssen.<\/p>\n<h2 data-start=\"1730\" data-end=\"1764\"><strong data-start=\"1733\" data-end=\"1764\">Warum die liposomale Form?<\/strong><\/h2>\n<p data-start=\"1766\" data-end=\"1887\">Die liposomale Technologie wurde eingesetzt, um die Stabilit\u00e4t der Wirkstoffe und ihre Bioverf\u00fcgbarkeit zu erh\u00f6hen.<\/p>\n<p data-start=\"1889\" data-end=\"1907\">Liposomale Form:<\/p>\n<ul data-start=\"1908\" data-end=\"2110\">\n<li data-start=\"1908\" data-end=\"1963\">\n<p data-start=\"1910\" data-end=\"1963\">unterst\u00fctzt den Schutz der Bestandteile des Verdauungstraktes,<\/p>\n<\/li>\n<li data-start=\"1964\" data-end=\"2029\">\n<p data-start=\"1966\" data-end=\"2029\">beg\u00fcnstigt ihre Stabilit\u00e4t w\u00e4hrend der Lagerung und Verwendung,<\/p>\n<\/li>\n<li data-start=\"2030\" data-end=\"2110\">\n<p data-start=\"2032\" data-end=\"2110\">erh\u00f6ht die Bioverf\u00fcgbarkeit der Pflanzenbestandteile im Vergleich zu klassischen Formen.<\/p>\n<\/li>\n<\/ul>\n<p data-start=\"2112\" data-end=\"2245\">Liposomen auf Basis von pflanzlichem Phosphatidylcholin (Sonnenblumenlecithin) sind mit der nat\u00fcrlichen Struktur der Zellmembranen kompatibel.<\/p>\n<h2 data-start=\"2252\" data-end=\"2297\"><strong data-start=\"2255\" data-end=\"2297\">F\u00fcr wen ist Neuro Herb bestimmt?<\/strong><\/h2>\n<p data-start=\"2299\" data-end=\"2342\">Das Pr\u00e4parat ist f\u00fcr Menschen gedacht, die:<\/p>\n<ul data-start=\"2343\" data-end=\"2569\">\n<li data-start=\"2343\" data-end=\"2376\">\n<p data-start=\"2345\" data-end=\"2376\">geistig intensiv arbeiten,<\/p>\n<\/li>\n<li data-start=\"2377\" data-end=\"2433\">\n<p data-start=\"2379\" data-end=\"2433\">eine Informations\u00fcberlastung oder Stress erleben,<\/p>\n<\/li>\n<li data-start=\"2434\" data-end=\"2491\">\n<p data-start=\"2436\" data-end=\"2491\">die Konzentration und das geistige Wohlbefinden f\u00f6rdern wollen,<\/p>\n<\/li>\n<li data-start=\"2492\" data-end=\"2569\">\n<p data-start=\"2494\" data-end=\"2569\">ein Erg\u00e4nzungsmittel mit einer reinen Zusammensetzung und hoher technologischer Qualit\u00e4t suchen.<\/p>\n<\/li>\n<\/ul>\n<p data-start=\"2571\" data-end=\"2683\">Die Natur von Neuro Herb basiert auf einer systematischen Unterst\u00fctzung des K\u00f6rpers und nicht auf einer kurzfristigen stimulierenden Wirkung.<\/p>\n<h2 data-start=\"2690\" data-end=\"2710\"><strong data-start=\"2693\" data-end=\"2710\">Gebrauchsanweisung<\/strong><\/h2>\n<p data-start=\"954\" data-end=\"1080\"><strong data-start=\"954\" data-end=\"986\">Einnahmeempfehlung:<\/strong><br data-start=\"986\" data-end=\"989\"><strong data-start=\"994\" data-end=\"1037\">1 bis 2 Tropfen pro 10 kg K\u00f6rpergewicht<\/strong>,<br data-start=\"1038\" data-end=\"1041\"> 2<strong data-start=\"1043\" data-end=\"1062\">mal t\u00e4glich<\/strong> (alle 12 Stunden).<\/p>\n<p data-start=\"1087\" data-end=\"1154\">Es wird empfohlen, mit der Nahrungserg\u00e4nzung im <strong data-start=\"1127\" data-end=\"1153\">unteren Bereich der Portionen<\/strong> zu beginnen.<\/p>\n<p data-start=\"1087\" data-end=\"1154\">Zum Beispiel: eine 70 kg schwere Person von 7-14 Tropfen pro Portion.<\/p>\n<p data-start=\"2880\" data-end=\"2987\">Direkt unter der Zunge oder in einer kleinen Menge Wasser verd\u00fcnnt einnehmen.<br data-start=\"2959\" data-end=\"2962\">Vor Gebrauch sch\u00fctteln.<\/p>\n<h2 data-start=\"2994\" data-end=\"3029\"><strong data-start=\"2997\" data-end=\"3029\">Warnungen und Lagerung<\/strong><\/h2>\n<p data-start=\"3031\" data-end=\"3308\">\u00dcberschreiten Sie nicht die empfohlene Tagesdosis.<br data-start=\"3089\" data-end=\"3092\">Das Nahrungserg\u00e4nzungsmittel darf nicht als Ersatz f\u00fcr eine abwechslungsreiche Ern\u00e4hrung verwendet werden.<br data-start=\"3166\" data-end=\"3169\">Verwenden Sie es nicht, wenn Sie auf einen der Inhaltsstoffe allergisch sind.<br data-start=\"3234\" data-end=\"3237\">Schwangere und stillende Frauen sollten einen Arzt konsultieren.<\/p>\n<p data-start=\"3310\" data-end=\"3435\">Vor und nach dem \u00d6ffnen im K\u00fchlschrank bei bis zu 10\u00b0C lagern.<br data-start=\"3391\" data-end=\"3394\">Vor Licht und W\u00e4rmequellen sch\u00fctzen.<\/p>\n<h2 data-start=\"3442\" data-end=\"3473\"><strong data-start=\"3448\" data-end=\"3473\">Technische Informationen<\/strong><\/h2>\n<p data-start=\"3475\" data-end=\"3613\">Produkt: Nahrungserg\u00e4nzungsmittel<br data-start=\"3499\" data-end=\"3502\">Nettof\u00fcllmenge: 10 ml \/ 30 ml<br data-start=\"3531\" data-end=\"3534\">Ursprungsland: Polen<br data-start=\"3558\" data-end=\"3561\">Verantwortlicher Rechtstr\u00e4ger: Green Hemp Poland Sp. z o.o.<\/p>\n<p>Siehe  &gt;&gt; <a href=\"https:\/\/liposomalherb.com\/wp-content\/uploads\/2025\/11\/877569_25_GDY_Mind-HerbLiposomalny-ekstrakt-roslinny-%E2%80%93-Mind-HerbZawiera-ek_PL.pdf\" target=\"_blank\" rel=\"noopener\">TESTBERICHT<\/a><\/p>\n<p>&nbsp;<\/p>\n<p><strong data-start=\"375\" data-end=\"481\">Eine ausf\u00fchrliche Diskussion \u00fcber die Zusammensetzung, den Wirkmechanismus und die Rolle der liposomalen Form finden Sie in diesem Artikel:<\/strong><br data-start=\"481\" data-end=\"484\"><a href=\"https:\/\/liposomalherb.com\/wiedza-liposomalna\/liposomal-neuroherb-techniczne-omowienie-skladnikow-i-mechanizmu-dzialania\/\" target=\"_blank\" rel=\"noopener\"><em data-start=\"489\" data-end=\"567\">Liposomales NeuroHerb &#8211; technische Diskussion der Inhaltsstoffe und des Wirkmechanismus<\/em><\/a><\/p>\n","protected":false},"excerpt":{"rendered":"<p><strong data-start=\"847\" data-end=\"860\">NeuroHerb<\/strong> ist ein liposomales pflanzliches Pr\u00e4parat, das f\u00fcr die t\u00e4gliche Unterst\u00fctzung des K\u00f6rpers unter Bedingungen erh\u00f6hter geistiger Belastung entwickelt wurde.<br data-start=\"992\" data-end=\"995\">Die Verwendung der liposomalen Technologie f\u00f6rdert die Stabilit\u00e4t der Inhaltsstoffe und ihre Bioverf\u00fcgbarkeit und unterst\u00fctzt so das geistige Wohlbefinden und das Funktionieren der kognitiven Prozesse ohne die Wirkung einer \u00dcberstimulation.<\/p>\n","protected":false},"featured_media":7491,"comment_status":"closed","ping_status":"closed","template":"","meta":[],"product_cat":[453],"product_tag":[458,459,466,469,456,465,464,462,467,468,463,457],"class_list":{"0":"post-7860","1":"product","2":"type-product","3":"status-publish","4":"has-post-thumbnail","6":"product_cat-liposomale-extrakte","7":"product_tag-brahmi-de","8":"product_tag-ginkgo-biloba","9":"product_tag-lipid-formulierung","10":"product_tag-liposomale-krauter","11":"product_tag-liposomale-technologie","12":"product_tag-liposomaler-krauterextrakt","13":"product_tag-liposomales-nervenkraut","14":"product_tag-nanoemulsion","15":"product_tag-nanosystem","16":"product_tag-pflanzenextrakt","17":"product_tag-phospholipide","18":"product_tag-sonnenhut","20":"first","21":"instock","22":"shipping-taxable","23":"purchasable","24":"product-type-variable"},"_links":{"self":[{"href":"https:\/\/www.greenhemp.pl\/de\/wp-json\/wp\/v2\/product\/7860","targetHints":{"allow":["GET"]}}],"collection":[{"href":"https:\/\/www.greenhemp.pl\/de\/wp-json\/wp\/v2\/product"}],"about":[{"href":"https:\/\/www.greenhemp.pl\/de\/wp-json\/wp\/v2\/types\/product"}],"replies":[{"embeddable":true,"href":"https:\/\/www.greenhemp.pl\/de\/wp-json\/wp\/v2\/comments?post=7860"}],"wp:featuredmedia":[{"embeddable":true,"href":"https:\/\/www.greenhemp.pl\/de\/wp-json\/wp\/v2\/media\/7491"}],"wp:attachment":[{"href":"https:\/\/www.greenhemp.pl\/de\/wp-json\/wp\/v2\/media?parent=7860"}],"wp:term":[{"taxonomy":"product_cat","embeddable":true,"href":"https:\/\/www.greenhemp.pl\/de\/wp-json\/wp\/v2\/product_cat?post=7860"},{"taxonomy":"product_tag","embeddable":true,"href":"https:\/\/www.greenhemp.pl\/de\/wp-json\/wp\/v2\/product_tag?post=7860"}],"curies":[{"name":"wp","href":"https:\/\/api.w.org\/{rel}","templated":true}]}}