{"id":4370,"date":"2026-02-17T13:48:22","date_gmt":"2026-02-17T12:48:22","guid":{"rendered":"https:\/\/www.greenhemp.pl\/produkt\/cbdcbda-4000mg-oel-100ml-fuer-pferde\/"},"modified":"2026-03-27T12:20:59","modified_gmt":"2026-03-27T11:20:59","slug":"olejek-cbd-cbda-dla-koni","status":"publish","type":"product","link":"https:\/\/www.greenhemp.pl\/de\/produkt\/olejek-cbd-cbda-dla-koni\/","title":{"rendered":"CBD + CBDA \u00d6l f\u00fcr Pferde 4000mg-100ml"},"content":{"rendered":"<p data-start=\"558\" data-end=\"828\">CBD + CBDA \u00d6l 4000 mg Vollspektrum f\u00fcr Pferde ist eine Formulierung auf der Basis von Faserhanfextrakt mit einem vollst\u00e4ndigen Spektrum an nat\u00fcrlichen Phyton\u00e4hrstoffen. Es enth\u00e4lt sowohl CBD als auch nat\u00fcrlich vorkommende saure Formen (CBDA) sowie andere im Hanf vorkommende Pflanzenstoffe. <\/p>\n<p data-start=\"830\" data-end=\"886\">Das Produkt wurde f\u00fcr Pferde entwickelt, die sich einer Behandlung unterziehen:<\/p>\n<p data-start=\"888\" data-end=\"1003\">&#8211; regelm\u00e4\u00dfiges Training,<br data-start=\"911\" data-end=\"914\">&#8211; intensives Training,<br data-start=\"939\" data-end=\"942\">&#8211; Transportstress,<br data-start=\"968\" data-end=\"971\">&#8211; Umwelt- oder saisonale Ver\u00e4nderungen.<\/p>\n<p data-start=\"1005\" data-end=\"1160\">Die Full Spectrum-Formel bewahrt die nat\u00fcrlichen Proportionen der Pflanzenbestandteile, was die Synergie der Phytocannabinoide und anderer in Cannabis vorhandener Verbindungen f\u00f6rdert.<\/p>\n<h3 data-start=\"1162\" data-end=\"1186\">Warum diese Formel?<\/h3>\n<p data-start=\"1188\" data-end=\"1383\">\u2714 Hohe Konzentration &#8211; 4.000 mg in 100 ml<br data-start=\"1225\" data-end=\"1228\">\u2714 Vorhandensein von CBD und CBDA<br data-start=\"1249\" data-end=\"1252\">\u2714 Faseriger Hanfextrakt<br data-start=\"1283\" data-end=\"1286\">\u2714 Kein THC \u00fcber den akzeptablen Standards (&lt;0.3%)<br data-start=\"1331\" data-end=\"1334\">\u2714 Entwickelt f\u00fcr gro\u00dfe Tiergewichte<\/p>\n<p data-start=\"1385\" data-end=\"1535\">Die Formel kann Teil einer ausgewogenen Ern\u00e4hrung f\u00fcr das Pferd sein, insbesondere in Zeiten eines erh\u00f6hten Bedarfs an Anpassungs- und Regenerationshilfe.<\/p>\n","protected":false},"excerpt":{"rendered":"<p data-start=\"161\" data-end=\"444\">CBD + CBDA 4000 mg Vollspektrums\u00f6l (100 ml) f\u00fcr Pferde. Formuliert auf der Basis von Faserhanfextrakt, der nat\u00fcrliche Phytocannabinoide in einer Vollspektrumformel enth\u00e4lt. Entwickelt, um das Gleichgewicht und die Regeneration des K\u00f6rpers bei erh\u00f6htem Stress zu unterst\u00fctzen.  <\/p>\n","protected":false},"featured_media":3349,"comment_status":"open","ping_status":"closed","template":"","meta":[],"product_cat":[343],"product_tag":[492,495,497,499,501,505],"class_list":{"0":"post-4370","1":"product","2":"type-product","3":"status-publish","4":"has-post-thumbnail","6":"product_cat-cbd-ole","7":"product_tag-cbd-fur-pferde","8":"product_tag-cbd-ol-fur-pferde","9":"product_tag-cbda-fur-pferde","10":"product_tag-hanf-fur-tiere","11":"product_tag-hanfol-fur-pferde","12":"product_tag-volles-spektrum","14":"first","15":"instock","16":"shipping-taxable","17":"purchasable","18":"product-type-simple"},"_links":{"self":[{"href":"https:\/\/www.greenhemp.pl\/de\/wp-json\/wp\/v2\/product\/4370","targetHints":{"allow":["GET"]}}],"collection":[{"href":"https:\/\/www.greenhemp.pl\/de\/wp-json\/wp\/v2\/product"}],"about":[{"href":"https:\/\/www.greenhemp.pl\/de\/wp-json\/wp\/v2\/types\/product"}],"replies":[{"embeddable":true,"href":"https:\/\/www.greenhemp.pl\/de\/wp-json\/wp\/v2\/comments?post=4370"}],"wp:featuredmedia":[{"embeddable":true,"href":"https:\/\/www.greenhemp.pl\/de\/wp-json\/wp\/v2\/media\/3349"}],"wp:attachment":[{"href":"https:\/\/www.greenhemp.pl\/de\/wp-json\/wp\/v2\/media?parent=4370"}],"wp:term":[{"taxonomy":"product_cat","embeddable":true,"href":"https:\/\/www.greenhemp.pl\/de\/wp-json\/wp\/v2\/product_cat?post=4370"},{"taxonomy":"product_tag","embeddable":true,"href":"https:\/\/www.greenhemp.pl\/de\/wp-json\/wp\/v2\/product_tag?post=4370"}],"curies":[{"name":"wp","href":"https:\/\/api.w.org\/{rel}","templated":true}]}}