{"id":3179,"date":"2021-11-08T10:45:00","date_gmt":"2021-11-08T09:45:00","guid":{"rendered":"https:\/\/www.greenhemp.pl\/produkt\/cbd-sygot-zaepfchen\/"},"modified":"2026-03-27T12:25:06","modified_gmt":"2026-03-27T11:25:06","slug":"globulki-dopochwowe-cbda","status":"publish","type":"product","link":"https:\/\/www.greenhemp.pl\/de\/produkt\/globulki-dopochwowe-cbda\/","title":{"rendered":"CBD Sygot Z\u00e4pfchen"},"content":{"rendered":"<p>Die Z\u00e4pfchen bestehen aus einem Vollspektrum-Extrakt, der aus unseren eigenen, handgeernteten Faserhanfpflanzen und Bio-Kakaobutter gewonnen wird. \u00d6kologisches Produkt, das nicht zur\u00fcckgenommen werden kann.<br \/>\nPackung mit 36 St\u00fcck<br \/>\n1 St\u00fcck enth\u00e4lt ca. 30mg cbd+cbda 1:1 Verh\u00e4ltnis<\/p>\n","protected":false},"excerpt":{"rendered":"<p>Die Z\u00e4pfchen bestehen aus einem Vollspektrum-Extrakt, der aus unseren eigenen, handgeernteten Faserhanfpflanzen und Bio-Kakaobutter gewonnen wird. \u00d6kologisches Produkt, das nicht zur\u00fcckgenommen werden kann. Packung mit 36 St\u00fcck 1 St\u00fcck enth\u00e4lt ca. 30mg cbd+cbda 1:1 Verh\u00e4ltnis<\/p>\n","protected":false},"featured_media":2980,"comment_status":"open","ping_status":"closed","template":"","meta":[],"product_cat":[484],"product_tag":[553,552,554,551,555],"class_list":{"0":"post-3179","1":"product","2":"type-product","3":"status-publish","4":"has-post-thumbnail","6":"product_cat-andere-hanfprodukte","7":"product_tag-cbd-vaginal","8":"product_tag-cbd-vaginalkugelchen","9":"product_tag-cbd-hanf","10":"product_tag-cbd-zapfchen","11":"product_tag-hanfprodukte","13":"first","14":"instock","15":"shipping-taxable","16":"purchasable","17":"product-type-simple"},"_links":{"self":[{"href":"https:\/\/www.greenhemp.pl\/de\/wp-json\/wp\/v2\/product\/3179","targetHints":{"allow":["GET"]}}],"collection":[{"href":"https:\/\/www.greenhemp.pl\/de\/wp-json\/wp\/v2\/product"}],"about":[{"href":"https:\/\/www.greenhemp.pl\/de\/wp-json\/wp\/v2\/types\/product"}],"replies":[{"embeddable":true,"href":"https:\/\/www.greenhemp.pl\/de\/wp-json\/wp\/v2\/comments?post=3179"}],"wp:featuredmedia":[{"embeddable":true,"href":"https:\/\/www.greenhemp.pl\/de\/wp-json\/wp\/v2\/media\/2980"}],"wp:attachment":[{"href":"https:\/\/www.greenhemp.pl\/de\/wp-json\/wp\/v2\/media?parent=3179"}],"wp:term":[{"taxonomy":"product_cat","embeddable":true,"href":"https:\/\/www.greenhemp.pl\/de\/wp-json\/wp\/v2\/product_cat?post=3179"},{"taxonomy":"product_tag","embeddable":true,"href":"https:\/\/www.greenhemp.pl\/de\/wp-json\/wp\/v2\/product_tag?post=3179"}],"curies":[{"name":"wp","href":"https:\/\/api.w.org\/{rel}","templated":true}]}}