{"id":2964,"date":"2019-08-01T11:19:36","date_gmt":"2019-08-01T09:19:36","guid":{"rendered":"https:\/\/www.greenhemp.pl\/produkt\/getrockneter-hanf-500g\/"},"modified":"2026-03-27T12:25:04","modified_gmt":"2026-03-27T11:25:04","slug":"getrockneter-hanf-500g","status":"publish","type":"product","link":"https:\/\/www.greenhemp.pl\/de\/produkt\/getrockneter-hanf-500g\/","title":{"rendered":"Getrockneter Hanf 500g"},"content":{"rendered":"<h2 data-start=\"519\" data-end=\"569\"><span style=\"font-size: 14pt;\">Hanfsamen 500 g &#8211; nat\u00fcrlicher Hanf-Rohstoff<\/span><\/h2>\n<p data-start=\"571\" data-end=\"846\">Getrockneter Hanf stammt von reifen weiblichen Faserhanfpflanzen, die gem\u00e4\u00df den geltenden Rechtsvorschriften angebaut werden. Er zeichnet sich durch sein nat\u00fcrliches Phyton\u00e4hrstoffprofil aus &#8211; er enth\u00e4lt Cannabinoide, Terpene, Flavonoide und andere Pflanzenstoffe, die in Hanfbl\u00fcten vorkommen. <\/p>\n<p data-start=\"848\" data-end=\"935\">Der THC-Gehalt \u00fcbersteigt nicht 0,3%, gem\u00e4\u00df den in der Europ\u00e4ischen Union zul\u00e4ssigen Standards.<\/p>\n<h2 data-start=\"942\" data-end=\"968\"><span style=\"font-size: 14pt;\">Eigenschaften des Rohmaterials<\/span><\/h2>\n<p data-start=\"970\" data-end=\"1182\">\u2714 nat\u00fcrliches, unverarbeitetes Pflanzenmaterial<br data-start=\"1016\" data-end=\"1019\">\u2714 hoher Gehalt an bioaktiven Verbindungen, die f\u00fcr Faserhanf typisch sind<br data-start=\"1091\" data-end=\"1094\">\u2714 ausgepr\u00e4gtes Pflanzen-Harz-Aroma<br data-start=\"1129\" data-end=\"1132\">\u2714 zur Weiterverarbeitung bestimmtes Produkt<\/p>\n<h2 data-start=\"1189\" data-end=\"1231\"><span style=\"font-size: 14pt;\">Was kann man aus getrocknetem Hanf zubereiten?<\/span><\/h2>\n<p data-start=\"1233\" data-end=\"1274\">Die 500 g Hanfsamen k\u00f6nnen als Basis verwendet werden:<\/p>\n<p data-start=\"1276\" data-end=\"1540\">&#8211; \u00d6lextrakte (Mazerate in Pflanzen\u00f6len)<br data-start=\"1330\" data-end=\"1333\">&#8211; Alkoholextrakte<br data-start=\"1358\" data-end=\"1361\">&#8211; technische Aufg\u00fcsse<br data-start=\"1383\" data-end=\"1386\">&#8211; Material zur weiteren Reinigung und Standardisierung<br data-start=\"1438\" data-end=\"1441\">&#8211; Rohstoff f\u00fcr aromatische Anwendungen<br data-start=\"1478\" data-end=\"1481\">&#8211; Zwischenprodukt zur Herstellung eigener Extraktformulierungen<\/p>\n<p data-start=\"1542\" data-end=\"1672\">Es kann als Ausgangsmaterial f\u00fcr die Herstellung von Hanfextrakten unter Labor- oder halbtechnischen Bedingungen verwendet werden.<\/p>\n<h2 data-start=\"1679\" data-end=\"1697\"><span style=\"font-size: 14pt;\">Profil der Pflanze<\/span><\/h2>\n<p data-start=\"1699\" data-end=\"1940\">Faserhanf (Cannabis sativa L.) ist eine Industriepflanze, die in Polen und in der EU legal angebaut wird. Im Gegensatz zu psychoaktiven Sorten haben sie einen niedrigen THC-Gehalt und ein f\u00fcr industrielle Sorten typisches Cannabinoidprofil. <\/p>\n<h2 data-start=\"1947\" data-end=\"1960\"><span style=\"font-size: 14pt;\">Verpackung<\/span><\/h2>\n<p data-start=\"1962\" data-end=\"2075\">&#8211; Nettogewicht: 500 g<br data-start=\"1981\" data-end=\"1984\">&#8211; Pflanzliches Produkt &#8211; getrocknet<br data-start=\"2009\" data-end=\"2012\">&#8211; Trocken und k\u00fchl lagern, vor Licht gesch\u00fctzt<\/p>\n","protected":false},"excerpt":{"rendered":"<p><strong data-start=\"162\" data-end=\"184\">Hanf getrocknet 500 g<\/strong> ist ein nat\u00fcrlicher Rohstoff aus Faserhanf (Cannabis sativa L.) mit einem hohen Gehalt an Cannabinoiden, Terpenen und Flavonoiden. Das Produkt ist f\u00fcr die Weiterverarbeitung bestimmt &#8211; ideal f\u00fcr die Zubereitung von Extrakten, \u00d6lmazeraten, technischen Aufg\u00fcssen und aromatischen und industriellen Anwendungen. <\/p>\n<p>&nbsp;<\/p>\n","protected":false},"featured_media":1895,"comment_status":"open","ping_status":"closed","template":"","meta":[],"product_cat":[344],"product_tag":[],"class_list":{"0":"post-2964","1":"product","2":"type-product","3":"status-publish","4":"has-post-thumbnail","6":"product_cat-getrocknetes-cbd","8":"first","9":"instock","10":"shipping-taxable","11":"purchasable","12":"product-type-simple"},"_links":{"self":[{"href":"https:\/\/www.greenhemp.pl\/de\/wp-json\/wp\/v2\/product\/2964","targetHints":{"allow":["GET"]}}],"collection":[{"href":"https:\/\/www.greenhemp.pl\/de\/wp-json\/wp\/v2\/product"}],"about":[{"href":"https:\/\/www.greenhemp.pl\/de\/wp-json\/wp\/v2\/types\/product"}],"replies":[{"embeddable":true,"href":"https:\/\/www.greenhemp.pl\/de\/wp-json\/wp\/v2\/comments?post=2964"}],"wp:featuredmedia":[{"embeddable":true,"href":"https:\/\/www.greenhemp.pl\/de\/wp-json\/wp\/v2\/media\/1895"}],"wp:attachment":[{"href":"https:\/\/www.greenhemp.pl\/de\/wp-json\/wp\/v2\/media?parent=2964"}],"wp:term":[{"taxonomy":"product_cat","embeddable":true,"href":"https:\/\/www.greenhemp.pl\/de\/wp-json\/wp\/v2\/product_cat?post=2964"},{"taxonomy":"product_tag","embeddable":true,"href":"https:\/\/www.greenhemp.pl\/de\/wp-json\/wp\/v2\/product_tag?post=2964"}],"curies":[{"name":"wp","href":"https:\/\/api.w.org\/{rel}","templated":true}]}}