{"id":2891,"date":"2026-02-18T18:50:43","date_gmt":"2026-02-18T17:50:43","guid":{"rendered":"https:\/\/www.greenhemp.pl\/produkt\/cbd-oel-1000mg-vollspektrum-30ml\/"},"modified":"2026-03-27T12:21:02","modified_gmt":"2026-03-27T11:21:02","slug":"cbd-oel-1000mg-vollspektrum","status":"publish","type":"product","link":"https:\/\/www.greenhemp.pl\/de\/produkt\/cbd-oel-1000mg-vollspektrum\/","title":{"rendered":"CBD + CBDA \u00d6l 1000mg Vollspektrum-30ml"},"content":{"rendered":"<p>CBD + CBDA 1000mg FULL SPECTRUM \u00d6l wurde aus faserigem Hanf aus biologischem Anbau hergestellt, ohne Verwendung von Pestiziden, chemischen D\u00fcngemitteln oder GVO.<br \/>\nWir arbeiten mit der Wissenschafts- und Forschungseinheit der Technischen Universit\u00e4t Lodz, Fakult\u00e4t f\u00fcr Wissenschaft und Technologie, zusammen. Biotechnologie und Lebensmittelwissenschaft zusammen. Die Pflanzen werden in jeder Phase ihres Wachstums kontrolliert. Auf der Farm wird das Cannabis von Hand geerntet, wodurch der maximale Phytocannabinoidgehalt der getrockneten Pflanze erhalten bleibt.  Dies hat einen gro\u00dfen Einfluss auf die Wirksamkeit von CBD-\u00d6len. Bei der Herstellung des \u00d6ls wird eine <a href=\"https:\/\/www.greenhemp.pl\/de\/dlaczego-ekstrakcja-alkoholowa-jest-lepsza-od-tej-dwutlenkiem-wegla\/\">Alkoholextraktion<\/a> durchgef\u00fchrt, die die synergetische Wirkung der im Hanf enthaltenen Substanzen gew\u00e4hrleistet.<\/p>\n<p>Die einzelnen Cannabinoide wirken synergetisch und verst\u00e4rken daher gegenseitig ihre gesundheitsf\u00f6rdernden Eigenschaften. Um einen maximalen Nutzen aus Cannabis zu ziehen, werden daher Sorten angebaut, die sowohl CBD als auch THC in bestimmten Anteilen enthalten.<\/p>\n<p>Wenn Sie unser FULL SPECTRUM 1000 mg CBD + CBDA \u00d6l kaufen, erhalten Sie ein wirksames, sicheres und legales Produkt, dessen Qualit\u00e4t durch unabh\u00e4ngige Labortests best\u00e4tigt wurde.<br \/>\nEs wird aus Faserhanf mit einem hohen Gehalt an Cannabidiol CBD und einem niedrigen Gehalt an THC&lt;0,2% extrahiert. Die saure Form von CBDA wurde beibehalten, die nachweislich entz\u00fcndungshemmende Eigenschaften hat.<br \/>\nNur nat\u00fcrliche Formulierung ohne Zusatz von Isolat. <\/p>\n<p>&nbsp;<\/p>\n<p>Wenn Sie mehr \u00fcber die Eigenschaften von <strong>CBD-\u00d6l<\/strong> erfahren m\u00f6chten, werfen Sie einen Blick auf unsere <a href=\"https:\/\/www.greenhemp.pl\/de\/cbd-nachrichten\/\">Artikel<\/a>: <a href=\"https:\/\/www.greenhemp.pl\/de\/auswirkungen-auf-das-immunsystem\/\">Auswirkungen auf das Immunsystem<\/a>, <a href=\"https:\/\/www.greenhemp.pl\/de\/cbd-im-sport\/\">CBD im Sport<\/a>, <a href=\"https:\/\/www.greenhemp.pl\/de\/cbd-im-kampf-gegen-diabetes\/\">CBD im Kampf gegen Diabetes<\/a>, <a href=\"https:\/\/www.greenhemp.pl\/zwalczanie-napadow-padaczki\/\">Bek\u00e4mpfung von epileptischen Anf\u00e4llen<\/a><\/p>\n","protected":false},"excerpt":{"rendered":"<p>Green Hemp Sp. z o.o. ist ein Unternehmen, das sich die h\u00f6chste Qualit\u00e4t seiner Produkte zum obersten Ziel gesetzt hat. Es baut seinen eigenen Faserhanf an und ist von Anfang an, d.h. vom Samen an, in den Produktionsprozess eingebunden.  <\/p>\n","protected":false},"featured_media":4803,"comment_status":"open","ping_status":"closed","template":"","meta":[],"product_cat":[343],"product_tag":[524,523,526,522,521,513,505],"class_list":{"0":"post-2891","1":"product","2":"type-product","3":"status-publish","4":"has-post-thumbnail","6":"product_cat-cbd-ole","7":"product_tag-cbd-1000-mg-de","8":"product_tag-cbd-ol","9":"product_tag-cbda-de","10":"product_tag-faserhanf","11":"product_tag-gruner-hanf","12":"product_tag-hanf-extrakt","13":"product_tag-volles-spektrum","15":"first","16":"instock","17":"shipping-taxable","18":"purchasable","19":"product-type-simple"},"_links":{"self":[{"href":"https:\/\/www.greenhemp.pl\/de\/wp-json\/wp\/v2\/product\/2891","targetHints":{"allow":["GET"]}}],"collection":[{"href":"https:\/\/www.greenhemp.pl\/de\/wp-json\/wp\/v2\/product"}],"about":[{"href":"https:\/\/www.greenhemp.pl\/de\/wp-json\/wp\/v2\/types\/product"}],"replies":[{"embeddable":true,"href":"https:\/\/www.greenhemp.pl\/de\/wp-json\/wp\/v2\/comments?post=2891"}],"wp:featuredmedia":[{"embeddable":true,"href":"https:\/\/www.greenhemp.pl\/de\/wp-json\/wp\/v2\/media\/4803"}],"wp:attachment":[{"href":"https:\/\/www.greenhemp.pl\/de\/wp-json\/wp\/v2\/media?parent=2891"}],"wp:term":[{"taxonomy":"product_cat","embeddable":true,"href":"https:\/\/www.greenhemp.pl\/de\/wp-json\/wp\/v2\/product_cat?post=2891"},{"taxonomy":"product_tag","embeddable":true,"href":"https:\/\/www.greenhemp.pl\/de\/wp-json\/wp\/v2\/product_tag?post=2891"}],"curies":[{"name":"wp","href":"https:\/\/api.w.org\/{rel}","templated":true}]}}