{"id":1829,"date":"2021-02-13T15:08:10","date_gmt":"2021-02-13T14:08:10","guid":{"rendered":"https:\/\/www.greenhemp.pl\/?post_type=product&#038;p=1829"},"modified":"2026-03-27T12:35:20","modified_gmt":"2026-03-27T11:35:20","slug":"nanocbd-dla-zwierzat-120mg","status":"publish","type":"product","link":"https:\/\/www.greenhemp.pl\/de\/produkt\/nanocbd-dla-zwierzat-120mg\/","title":{"rendered":"Nano CBD f\u00fcr Tiere 120mg 10ml"},"content":{"rendered":"<p><strong>Nano CBD f\u00fcr Tiere 120mg Vollspektrum<\/strong><\/p>\n<p>Es wurde in Kombination von Natur und fortschrittlicher Technologie geschaffen. Jetzt wurde das gesamte Spektrum der Cannabinoide, die im CBD-Extrakt enthalten sind, in eine Lipidbeschichtung eingeschlossen, um Molek\u00fcle in einer Gr\u00f6\u00dfe von etwa sehr klein zu machen. 100nm genannt Lipoome k\u00f6nnten noch schneller und mit mehr Leistung arbeiten.<\/p>\n<p><strong>Was sind Liposomen?<\/strong><\/p>\n<p>Liposomen sind mikroskopische Kugeln, die aus nat\u00fcrlichen Derivaten von Fetts\u00e4uren bestehen, die Phospholipide genannt werden, in denen biologisch aktive Substanzen enthalten sind. Als fettl\u00f6sliches Molek\u00fcl ben\u00f6tigt CBD Lipide, um effektiv auf das Endocannabinoidsystem im K\u00f6rper zuzugreifen. Dieses System ist das k\u00f6rpereigene zellul\u00e4re Signalsystem, das Stimmung, Schlaf, Appetit und Ged\u00e4chtnisfunktionen steuert. Das Endocannabinoid-System arbeitet bereits in Ihrem K\u00f6rper, auch wenn Sie kein Cannabis konsumieren.<br \/>\nLiposomen k\u00f6nnen wertvolle Inhaltsstoffe transportieren, so dass sie leichter und effizienter an verschiedene Teile des K\u00f6rpers gelangen, einschlie\u00dflich Gewebe, Zellen und Systeme (wie das Nerven- und Lymphsystem). Aufgrund seiner Konstruktion erleichtern und beschleunigen Liposomen diesen Transport im Vergleich zu herk\u00f6mmlichen Methoden.<\/p>\n<h2><strong>Verwendung von Nano-CBD in der Veterin\u00e4rmedizin<\/strong><\/h2>\n<p>Es gibt Studien, die darauf hindeuten, dass CBD bei Arthrose bei Hunden verwendet werden kann. Die therapeutische Wirkung von Cannaaboiden basiert wahrscheinlich in diesem Fall auf der Regulierung des Endocannabinoidsystems und hemmt die Freisetzung von exzitatorischen Neurotransmittern. Dadurch werden Schmerzreaktionen reduziert. Studien \u00fcber das therapeutische Potenzial von CBD auf Hunde, die an chronischen Schmerzen im Zusammenhang mit Arthrose leiden, haben gezeigt, dass die Aktivit\u00e4tsniveaus bei Tieren, die eine Supplementierung mit dieser Substanz erhalten, erh\u00f6ht werden.<\/p>\n<p>Aufgrund der Registrierung von CBD-Pr\u00e4paraten als Medikamente in einigen Epilepsie-Teams beim Menschen, eine \u00e4hnliche Wirksamkeit dieser Substanz wird im Falle von Epilepsie bei Hunden ber\u00fccksichtigt. Viele Tierneurologen beschreiben die Wirksamkeit der Canaboid-Behandlung in ihrer klinischen Praxis. . Der Vorteil der Verabreichung von <strong><a href=\"https:\/\/www.greenhemp.pl\/de\/verwendung-von-cbd-oelen-bei-tieren\/\">CBD bei Tieren<\/a><\/strong> mit Epilepsie ist sicherlich die sehr geringe Toxizit\u00e4t der Substanz im Vergleich zu synthetischen Medikamenten.<\/p>\n<p>Der scheinbar geringe Cannabinoidgehalt des Produkts Liposomal Nano CBD HEMP Animals 120mg bietet dank der liposomalen Formel ein bis zu 4-fach h\u00f6heres therapeutisches Potenzial. Dar\u00fcber hinaus sind die Effekte schneller zu sp\u00fcren und halten l\u00e4nger.<br \/>\n<strong>Nano CBD<\/strong> wirkt im tierischen K\u00f6rper auf die gleiche Weise wie im menschlichen K\u00f6rper, d.h. schmerzlindernd, entz\u00fcndungshemmend, reduziert epileptische Anf\u00e4lle, wirkt antidepressiv, verbessert die Schlafqualit\u00e4t und stoppt sogar die Vermehrung und Bildung von Krebszellen.&#8220;<\/p>\n<h3>Zusammensetzung von nano CBD<\/h3>\n<p>Minimum 120 mg full spectrum naturalnych fitozwi\u0105zk\u00f3w<br \/>\nCannabinoide: <strong>CBD, CBDa, CBG, CBGA, CBC, CBCA, CBDV, CBDVA, CBN<\/strong>,<br \/>\nenth\u00e4lt auch: nat\u00fcrliche Flavonoide, Terpene und Chlorophyll<br \/>\nLand der Herstellung: <strong>Polen<\/strong><br \/>\nLabortests: <strong>Polen, Spanien<\/strong><br \/>\nfrei von Pestiziden und Schwermetallen<br \/>\nWir f\u00fcgen unseren Produkten kein CBD-Isolat zu.<\/p>\n<p>Das Produkt wurde mit fortschrittlicher Technologie und nat\u00fcrlichen und hochwertigen Rohstoffen hergestellt. Eine angemessene Reinheitsanalyse schlie\u00dft das m\u00f6gliche Vorhandensein von Schwermetallen oder anderen mikrobiellen Verunreinigungen aus.<\/p>\n<h3>Gebrauchsanweisung<\/h3>\n<p>Dosierung 1-2 Tropfen pro 10kg Gewicht. Buteleczka 10ml=220 kropli<\/p>\n<p>Produkt przechowywa\u0107 w temp. od 4-10C najepiej w lod\u00f3wce.<\/p>\n<p>F\u00fcr Gro\u00dfbestellungen kontaktieren Sie bitte<br \/>\nunter biuro@greenhemp.pl<\/p>\n","protected":false},"excerpt":{"rendered":"<p>NanoCBD f\u00fcr Tiere wurde f\u00fcr vierbeinige Haustiere entwickelt, die eine schnelle und langfristige Wirkung des gesamten Spektrums von Cannabinoiden ben\u00f6tigen. Die erh\u00f6hte Bio-Bio-Kapazit\u00e4t im Vergleich zu herk\u00f6mmlichen CBD-Produkten, die derzeit auf dem Markt sind, bedeutet, dass in vielen F\u00e4llen hohe Konzentrationen von Wirkstoffen in Hanf nicht mehr ben\u00f6tigt werden (Sativa.L)<\/p>\n<p>Die im Herstellungsprozess eingesetzte Nanotechnologie hat es uns erm\u00f6glicht, die nat\u00fcrlichen Anteile aller in der Pflanze vorhandenen Cannabinoide zu erhalten und gleichzeitig die Potenz unseres Produkts<br \/>\nzu erh\u00f6hen, das mit Wasser und anderen Fl\u00fcssigkeiten vollst\u00e4ndig mischbar ist.<\/p>\n<p>Volles Spektrum 120mg<br \/>\nTHC&lt;0.2%<\/p>\n","protected":false},"featured_media":2793,"comment_status":"open","ping_status":"closed","template":"","meta":[],"product_cat":[484],"product_tag":[572,574,575,520,499,576,573],"class_list":{"0":"post-1829","1":"product","2":"type-product","3":"status-publish","4":"has-post-thumbnail","6":"product_cat-andere-hanfprodukte","7":"product_tag-cbd-fur-tiere","8":"product_tag-cbd-ol-fur-hunde","9":"product_tag-cbd-ol-fur-katzen","10":"product_tag-gruner-hanf-cbd","11":"product_tag-hanf-fur-tiere","12":"product_tag-hanfpraparat-fur-tiere","13":"product_tag-nano-cbd-de","15":"first","16":"instock","17":"shipping-taxable","18":"purchasable","19":"product-type-simple"},"_links":{"self":[{"href":"https:\/\/www.greenhemp.pl\/de\/wp-json\/wp\/v2\/product\/1829","targetHints":{"allow":["GET"]}}],"collection":[{"href":"https:\/\/www.greenhemp.pl\/de\/wp-json\/wp\/v2\/product"}],"about":[{"href":"https:\/\/www.greenhemp.pl\/de\/wp-json\/wp\/v2\/types\/product"}],"replies":[{"embeddable":true,"href":"https:\/\/www.greenhemp.pl\/de\/wp-json\/wp\/v2\/comments?post=1829"}],"wp:featuredmedia":[{"embeddable":true,"href":"https:\/\/www.greenhemp.pl\/de\/wp-json\/wp\/v2\/media\/2793"}],"wp:attachment":[{"href":"https:\/\/www.greenhemp.pl\/de\/wp-json\/wp\/v2\/media?parent=1829"}],"wp:term":[{"taxonomy":"product_cat","embeddable":true,"href":"https:\/\/www.greenhemp.pl\/de\/wp-json\/wp\/v2\/product_cat?post=1829"},{"taxonomy":"product_tag","embeddable":true,"href":"https:\/\/www.greenhemp.pl\/de\/wp-json\/wp\/v2\/product_tag?post=1829"}],"curies":[{"name":"wp","href":"https:\/\/api.w.org\/{rel}","templated":true}]}}