{"id":1626,"date":"2020-11-25T17:53:00","date_gmt":"2020-11-25T16:53:00","guid":{"rendered":"https:\/\/www.greenhemp.pl\/produkt\/liposomal-hanf-extrakt-aroma-100mg\/"},"modified":"2026-03-27T12:25:08","modified_gmt":"2026-03-27T11:25:08","slug":"ekstrakt-konopny-100mg-liposomalny","status":"publish","type":"product","link":"https:\/\/www.greenhemp.pl\/de\/produkt\/ekstrakt-konopny-100mg-liposomalny\/","title":{"rendered":"Liposomales CBD 100 mg &#8211; Vollspektrum-Extrakt"},"content":{"rendered":"<p><strong>Liposomaler CBD-Extrakt 100mg<\/strong> Vollspektrum-Aroma<\/p>\n<p>Es wurde in Kombination von Natur und fortschrittlicher Technologie geschaffen. Jetzt wurde das gesamte Spektrum der Cannabinoide, die im CBD-Extrakt enthalten sind, in eine Lipidbeschichtung eingeschlossen, um Molek\u00fcle in einer Gr\u00f6\u00dfe von etwa sehr klein zu machen. 100nm genannt Lipoome k\u00f6nnten noch schneller und mit mehr Leistung arbeiten.<\/p>\n<h2>Was sind Liposomen?<\/h2>\n<p>Liposomen sind mikroskopische Kugeln, die aus nat\u00fcrlichen Derivaten von Fetts\u00e4uren bestehen, die Phospholipide genannt werden, in denen biologisch aktive Substanzen enthalten sind. Als fettl\u00f6sliches Molek\u00fcl ben\u00f6tigt CBD Lipide, um effektiv auf das Endocannabinoidsystem im K\u00f6rper zuzugreifen. Dieses System ist das k\u00f6rpereigene zellul\u00e4re Signalsystem, das Stimmung, Schlaf, Appetit und Ged\u00e4chtnisfunktionen steuert. Das Endocannabinoid-System arbeitet bereits in Ihrem K\u00f6rper, auch wenn Sie kein Cannabis konsumieren.<br \/>\nLiposomen k\u00f6nnen wertvolle Inhaltsstoffe transportieren, so dass sie leichter und effizienter an verschiedene Teile des K\u00f6rpers gelangen, einschlie\u00dflich Gewebe, Zellen und Systeme (wie das Nerven- und Lymphsystem). Aufgrund seiner Konstruktion erleichtern und beschleunigen Liposomen diesen Transport im Vergleich zu herk\u00f6mmlichen Methoden.<\/p>\n<p><strong>Liposomaler CBD-Extrakt<\/strong> aus <a href=\"https:\/\/www.greenhemp.pl\/de\/\">Gr\u00fcnem Hanf Polen<\/a> wurde auf der Grundlage von Extrakten aus eigenem Anbau von Faserhanf hergestellt, der ohne den Einsatz von Pestiziden, Kunstd\u00fcnger und GVO im Schutzgebiet des Szczercowski Landschaftsparks angebaut wird.<br \/>\nDer gesamte Produktionsprozess steht von Anfang an unter Kontrolle, d.h. vom Samen bis zum Endprodukt. Forschungen, die in den letzten zwei Jahren in Zusammenarbeit mit einer Forschungseinheit der Technischen Universit\u00e4t \u0141\u00f3d\u017a, der Technischen Universit\u00e4t Radom und mehreren akkreditierten Labors in Polen durchgef\u00fchrt wurden, haben den signifikanten Vorteil liposomaler Formen von Hanfextrakten gegen\u00fcber den traditionellen, in \u00d6l gel\u00f6sten Formen best\u00e4tigt, da sie eine h\u00f6here Bioverf\u00fcgbarkeit und eine l\u00e4ngere Wirkungsdauer aufweisen.<br \/>\nWir setzen stets auf Qualit\u00e4t und sind uns bewusst, dass ein Produkt dieses Ranges von h\u00f6chster Reinheit und Qualit\u00e4t sein muss.  Jede Charge wird nicht nur auf den Cannabinoidgehalt, sondern auch auf das Vorhandensein von Schwermetallen im Endprodukt getestet.<\/p>\n<p><strong>Liposomaler CBD-Extrakt<\/strong> ist perfekt, wenn schnelles Handeln gefragt ist und andere Therapieformen versagt haben oder nicht wirksam genug waren.<br \/>\nWir sind uns bewusst, dass die Lebensumst\u00e4nde eines jeden Menschen etwas anders sind und jeder Fall anders liegt. Deshalb k\u00f6nnen Sie beim Kauf Ihres Produkts auf eine kostenlose Beratung z\u00e4hlen.<\/p>\n<p>Im K\u00fchlschrank aufbewahren! 4-8C<\/p>\n","protected":false},"excerpt":{"rendered":"<p><strong>Liposomales CBD<\/strong> wurde f\u00fcr Menschen entwickelt, die die schnelle und lang anhaltende Wirkung des gesamten Spektrums der Cannabinoide ben\u00f6tigen. Die erh\u00f6hte Bio-Bio-Kapazit\u00e4t im Vergleich zu herk\u00f6mmlichen CBD-Produkten, die derzeit auf dem Markt sind, bedeutet, dass in vielen F\u00e4llen hohe Konzentrationen von Wirkstoffen in Hanf nicht mehr ben\u00f6tigt werden (Sativa.L)<\/p>\n<p>Die im Herstellungsprozess eingesetzte Nanotechnologie hat es erm\u00f6glicht, die nat\u00fcrlichen Anteile aller in der Pflanze vorhandenen Cannabinoide zu erhalten und gleichzeitig die Potenz unseres Produkts<br \/>\nzu erh\u00f6hen, das mit Wasser und anderen Fl\u00fcssigkeiten vollst\u00e4ndig mischbar ist.<\/p>\n<p>Vollspektrum 100mg<br \/>\nTHC&lt;0.3%<br \/>\nIm K\u00fchlschrank aufbewahren 4-8C<\/p>\n","protected":false},"featured_media":4873,"comment_status":"closed","ping_status":"closed","template":"","meta":[],"product_cat":[453],"product_tag":[513,456,462,463,505],"class_list":{"0":"post-1626","1":"product","2":"type-product","3":"status-publish","4":"has-post-thumbnail","6":"product_cat-liposomale-extrakte","7":"product_tag-hanf-extrakt","8":"product_tag-liposomale-technologie","9":"product_tag-nanoemulsion","10":"product_tag-phospholipide","11":"product_tag-volles-spektrum","13":"first","14":"instock","15":"shipping-taxable","16":"purchasable","17":"product-type-simple"},"_links":{"self":[{"href":"https:\/\/www.greenhemp.pl\/de\/wp-json\/wp\/v2\/product\/1626","targetHints":{"allow":["GET"]}}],"collection":[{"href":"https:\/\/www.greenhemp.pl\/de\/wp-json\/wp\/v2\/product"}],"about":[{"href":"https:\/\/www.greenhemp.pl\/de\/wp-json\/wp\/v2\/types\/product"}],"replies":[{"embeddable":true,"href":"https:\/\/www.greenhemp.pl\/de\/wp-json\/wp\/v2\/comments?post=1626"}],"wp:featuredmedia":[{"embeddable":true,"href":"https:\/\/www.greenhemp.pl\/de\/wp-json\/wp\/v2\/media\/4873"}],"wp:attachment":[{"href":"https:\/\/www.greenhemp.pl\/de\/wp-json\/wp\/v2\/media?parent=1626"}],"wp:term":[{"taxonomy":"product_cat","embeddable":true,"href":"https:\/\/www.greenhemp.pl\/de\/wp-json\/wp\/v2\/product_cat?post=1626"},{"taxonomy":"product_tag","embeddable":true,"href":"https:\/\/www.greenhemp.pl\/de\/wp-json\/wp\/v2\/product_tag?post=1626"}],"curies":[{"name":"wp","href":"https:\/\/api.w.org\/{rel}","templated":true}]}}